{"id":38709,"date":"2022-11-22T16:20:22","date_gmt":"2022-11-22T15:20:22","guid":{"rendered":"https:\/\/cadt81.fr\/?post_type=product&#038;p=38709"},"modified":"2022-11-22T16:20:23","modified_gmt":"2022-11-22T15:20:23","slug":"02q301107-a3-8p1-3-p-2-0-tdi-140-cv-2004","status":"publish","type":"product","link":"https:\/\/cadt81.fr\/index.php\/produit\/02q301107-a3-8p1-3-p-2-0-tdi-140-cv-2004\/","title":{"rendered":"02Q301107 &#8211; A3 8P1 3 P 2.0 TDI 140 CV 2004"},"content":{"rendered":"","protected":false},"excerpt":{"rendered":"<p>BOITE DE VITESSES<\/p>\n<p>MARQUE : AUDI<\/p>\n<p>MOD\u00c8LE : A3 8P1 3 P 2.0 TDI 140 CV<\/p>\n<p>ANN\u00c9E : 2004<\/p>\n<p>REFERENCE DE BOITE : 02Q301107<\/p>\n<p>KILOM\u00c9TRAGE : 222010 KM<\/p>\n<p>LP 18005<\/p>\n<p>CASIER 1B3BD006<\/p>\n","protected":false},"featured_media":38710,"comment_status":"open","ping_status":"closed","template":"","meta":{"spay_email":""},"class_list":["post-38709","product","type-product","status-publish","has-post-thumbnail","hentry","product_cat-audi","product_cat-boite-de-vitesses-audi","product_tag-02q","product_tag-02q30","product_tag-02q301107","product_tag-2918"],"yoast_head":"<!-- This site is optimized with the Yoast SEO plugin v14.7 - https:\/\/yoast.com\/wordpress\/plugins\/seo\/ -->\n<title>02Q301107 - A3 8P1 3 P 2.0 TDI 140 CV 2004 - Cadt81<\/title>\n<meta name=\"robots\" content=\"index, follow\" \/>\n<meta name=\"googlebot\" content=\"index, follow, max-snippet:-1, max-image-preview:large, max-video-preview:-1\" \/>\n<meta name=\"bingbot\" content=\"index, follow, max-snippet:-1, max-image-preview:large, max-video-preview:-1\" \/>\n<link rel=\"canonical\" href=\"https:\/\/cadt81.fr\/index.php\/produit\/02q301107-a3-8p1-3-p-2-0-tdi-140-cv-2004\/\" \/>\n<meta property=\"og:locale\" content=\"fr_FR\" \/>\n<meta property=\"og:type\" content=\"article\" \/>\n<meta property=\"og:title\" content=\"02Q301107 - A3 8P1 3 P 2.0 TDI 140 CV 2004 - Cadt81\" \/>\n<meta property=\"og:description\" content=\"BOITE DE VITESSES  MARQUE : AUDI  MOD\u00c8LE : A3 8P1 3 P 2.0 TDI 140 CV  ANN\u00c9E : 2004  REFERENCE DE BOITE : 02Q301107  KILOM\u00c9TRAGE : 222010 KM  LP 18005  CASIER 1B3BD006\" \/>\n<meta property=\"og:url\" content=\"https:\/\/cadt81.fr\/index.php\/produit\/02q301107-a3-8p1-3-p-2-0-tdi-140-cv-2004\/\" \/>\n<meta property=\"og:site_name\" content=\"Cadt81\" \/>\n<meta property=\"article:modified_time\" content=\"2022-11-22T15:20:23+00:00\" \/>\n<meta property=\"og:image\" content=\"https:\/\/cadt81.fr\/wp-content\/uploads\/2022\/11\/IMG_5074-scaled.jpg\" \/>\n\t<meta property=\"og:image:width\" content=\"2560\" \/>\n\t<meta property=\"og:image:height\" content=\"1920\" \/>\n<meta name=\"twitter:card\" content=\"summary_large_image\" \/>\n<script type=\"application\/ld+json\" class=\"yoast-schema-graph\">{\"@context\":\"https:\/\/schema.org\",\"@graph\":[{\"@type\":\"WebSite\",\"@id\":\"https:\/\/cadt81.fr\/#website\",\"url\":\"https:\/\/cadt81.fr\/\",\"name\":\"Cadt81\",\"description\":\"bien vous servir est notre priorit\\u00e9\",\"potentialAction\":[{\"@type\":\"SearchAction\",\"target\":\"https:\/\/cadt81.fr\/?s={search_term_string}\",\"query-input\":\"required name=search_term_string\"}],\"inLanguage\":\"fr-FR\"},{\"@type\":\"ImageObject\",\"@id\":\"https:\/\/cadt81.fr\/index.php\/produit\/02q301107-a3-8p1-3-p-2-0-tdi-140-cv-2004\/#primaryimage\",\"inLanguage\":\"fr-FR\",\"url\":\"https:\/\/cadt81.fr\/wp-content\/uploads\/2022\/11\/IMG_5074-scaled.jpg\",\"width\":2560,\"height\":1920},{\"@type\":\"WebPage\",\"@id\":\"https:\/\/cadt81.fr\/index.php\/produit\/02q301107-a3-8p1-3-p-2-0-tdi-140-cv-2004\/#webpage\",\"url\":\"https:\/\/cadt81.fr\/index.php\/produit\/02q301107-a3-8p1-3-p-2-0-tdi-140-cv-2004\/\",\"name\":\"02Q301107 - A3 8P1 3 P 2.0 TDI 140 CV 2004 - Cadt81\",\"isPartOf\":{\"@id\":\"https:\/\/cadt81.fr\/#website\"},\"primaryImageOfPage\":{\"@id\":\"https:\/\/cadt81.fr\/index.php\/produit\/02q301107-a3-8p1-3-p-2-0-tdi-140-cv-2004\/#primaryimage\"},\"datePublished\":\"2022-11-22T15:20:22+00:00\",\"dateModified\":\"2022-11-22T15:20:23+00:00\",\"inLanguage\":\"fr-FR\",\"potentialAction\":[{\"@type\":\"ReadAction\",\"target\":[\"https:\/\/cadt81.fr\/index.php\/produit\/02q301107-a3-8p1-3-p-2-0-tdi-140-cv-2004\/\"]}]}]}<\/script>\n<!-- \/ Yoast SEO plugin. -->","_links":{"self":[{"href":"https:\/\/cadt81.fr\/index.php\/wp-json\/wp\/v2\/product\/38709","targetHints":{"allow":["GET"]}}],"collection":[{"href":"https:\/\/cadt81.fr\/index.php\/wp-json\/wp\/v2\/product"}],"about":[{"href":"https:\/\/cadt81.fr\/index.php\/wp-json\/wp\/v2\/types\/product"}],"replies":[{"embeddable":true,"href":"https:\/\/cadt81.fr\/index.php\/wp-json\/wp\/v2\/comments?post=38709"}],"version-history":[{"count":1,"href":"https:\/\/cadt81.fr\/index.php\/wp-json\/wp\/v2\/product\/38709\/revisions"}],"predecessor-version":[{"id":38713,"href":"https:\/\/cadt81.fr\/index.php\/wp-json\/wp\/v2\/product\/38709\/revisions\/38713"}],"wp:featuredmedia":[{"embeddable":true,"href":"https:\/\/cadt81.fr\/index.php\/wp-json\/wp\/v2\/media\/38710"}],"wp:attachment":[{"href":"https:\/\/cadt81.fr\/index.php\/wp-json\/wp\/v2\/media?parent=38709"}],"curies":[{"name":"wp","href":"https:\/\/api.w.org\/{rel}","templated":true}]}}