{"id":38678,"date":"2022-10-28T15:31:46","date_gmt":"2022-10-28T13:31:46","guid":{"rendered":"https:\/\/cadt81.fr\/?post_type=product&#038;p=38678"},"modified":"2026-04-02T07:47:09","modified_gmt":"2026-04-02T05:47:09","slug":"bxe-passat-6-brk-1-9tdi-105cv-2006","status":"publish","type":"product","link":"https:\/\/cadt81.fr\/index.php\/produit\/bxe-passat-6-brk-1-9tdi-105cv-2006\/","title":{"rendered":"BXE &#8211; PASSAT 6 BRK 1.9TDI 105CV 2006"},"content":{"rendered":"","protected":false},"excerpt":{"rendered":"<p>Moteur<\/p>\n<p>Marque : Volkswagen<\/p>\n<p>Mod\u00e8le : PASSAT 6 BRK 1.9TDI 105CV<\/p>\n<p>Ann\u00e9e : 2006<\/p>\n<p>Code moteur : BXE<\/p>\n<p>Kilom\u00e9trage : 240 000 km<\/p>\n<p>LP 17769<\/p>\n<p>Casier : 1B3BD013<\/p>\n","protected":false},"featured_media":38679,"comment_status":"open","ping_status":"closed","template":"","meta":{"spay_email":""},"class_list":["post-38678","product","type-product","status-publish","has-post-thumbnail","hentry","product_cat-moteur-volkswagen","product_cat-volkswagen","product_tag-1-9-tdi","product_tag-1-9tdi","product_tag-2942","product_tag-bxe"],"yoast_head":"<!-- This site is optimized with the Yoast SEO plugin v14.7 - https:\/\/yoast.com\/wordpress\/plugins\/seo\/ -->\n<title>BXE - PASSAT 6 BRK 1.9TDI 105CV 2006 - Cadt81<\/title>\n<meta name=\"robots\" content=\"index, follow\" \/>\n<meta name=\"googlebot\" content=\"index, follow, max-snippet:-1, max-image-preview:large, max-video-preview:-1\" \/>\n<meta name=\"bingbot\" content=\"index, follow, max-snippet:-1, max-image-preview:large, max-video-preview:-1\" \/>\n<link rel=\"canonical\" href=\"https:\/\/cadt81.fr\/index.php\/produit\/bxe-passat-6-brk-1-9tdi-105cv-2006\/\" \/>\n<meta property=\"og:locale\" content=\"fr_FR\" \/>\n<meta property=\"og:type\" content=\"article\" \/>\n<meta property=\"og:title\" content=\"BXE - PASSAT 6 BRK 1.9TDI 105CV 2006 - Cadt81\" \/>\n<meta property=\"og:description\" content=\"Moteur  Marque : Volkswagen  Mod\u00e8le : PASSAT 6 BRK 1.9TDI 105CV  Ann\u00e9e : 2006  Code moteur : BXE  Kilom\u00e9trage : 240 000 km  LP 17769  Casier : 1B3BD013\" \/>\n<meta property=\"og:url\" content=\"https:\/\/cadt81.fr\/index.php\/produit\/bxe-passat-6-brk-1-9tdi-105cv-2006\/\" \/>\n<meta property=\"og:site_name\" content=\"Cadt81\" \/>\n<meta property=\"article:modified_time\" content=\"2026-04-02T05:47:09+00:00\" \/>\n<meta property=\"og:image\" content=\"https:\/\/cadt81.fr\/wp-content\/uploads\/2022\/10\/IMG_4885-scaled.jpg\" \/>\n\t<meta property=\"og:image:width\" content=\"2560\" \/>\n\t<meta property=\"og:image:height\" content=\"1920\" \/>\n<meta name=\"twitter:card\" content=\"summary_large_image\" \/>\n<script type=\"application\/ld+json\" class=\"yoast-schema-graph\">{\"@context\":\"https:\/\/schema.org\",\"@graph\":[{\"@type\":\"WebSite\",\"@id\":\"https:\/\/cadt81.fr\/#website\",\"url\":\"https:\/\/cadt81.fr\/\",\"name\":\"Cadt81\",\"description\":\"bien vous servir est notre priorit\\u00e9\",\"potentialAction\":[{\"@type\":\"SearchAction\",\"target\":\"https:\/\/cadt81.fr\/?s={search_term_string}\",\"query-input\":\"required name=search_term_string\"}],\"inLanguage\":\"fr-FR\"},{\"@type\":\"ImageObject\",\"@id\":\"https:\/\/cadt81.fr\/index.php\/produit\/bxe-passat-6-brk-1-9tdi-105cv-2006\/#primaryimage\",\"inLanguage\":\"fr-FR\",\"url\":\"https:\/\/cadt81.fr\/wp-content\/uploads\/2022\/10\/IMG_4885-scaled.jpg\",\"width\":2560,\"height\":1920},{\"@type\":\"WebPage\",\"@id\":\"https:\/\/cadt81.fr\/index.php\/produit\/bxe-passat-6-brk-1-9tdi-105cv-2006\/#webpage\",\"url\":\"https:\/\/cadt81.fr\/index.php\/produit\/bxe-passat-6-brk-1-9tdi-105cv-2006\/\",\"name\":\"BXE - PASSAT 6 BRK 1.9TDI 105CV 2006 - Cadt81\",\"isPartOf\":{\"@id\":\"https:\/\/cadt81.fr\/#website\"},\"primaryImageOfPage\":{\"@id\":\"https:\/\/cadt81.fr\/index.php\/produit\/bxe-passat-6-brk-1-9tdi-105cv-2006\/#primaryimage\"},\"datePublished\":\"2022-10-28T13:31:46+00:00\",\"dateModified\":\"2026-04-02T05:47:09+00:00\",\"inLanguage\":\"fr-FR\",\"potentialAction\":[{\"@type\":\"ReadAction\",\"target\":[\"https:\/\/cadt81.fr\/index.php\/produit\/bxe-passat-6-brk-1-9tdi-105cv-2006\/\"]}]}]}<\/script>\n<!-- \/ Yoast SEO plugin. -->","_links":{"self":[{"href":"https:\/\/cadt81.fr\/index.php\/wp-json\/wp\/v2\/product\/38678","targetHints":{"allow":["GET"]}}],"collection":[{"href":"https:\/\/cadt81.fr\/index.php\/wp-json\/wp\/v2\/product"}],"about":[{"href":"https:\/\/cadt81.fr\/index.php\/wp-json\/wp\/v2\/types\/product"}],"replies":[{"embeddable":true,"href":"https:\/\/cadt81.fr\/index.php\/wp-json\/wp\/v2\/comments?post=38678"}],"version-history":[{"count":1,"href":"https:\/\/cadt81.fr\/index.php\/wp-json\/wp\/v2\/product\/38678\/revisions"}],"predecessor-version":[{"id":38682,"href":"https:\/\/cadt81.fr\/index.php\/wp-json\/wp\/v2\/product\/38678\/revisions\/38682"}],"wp:featuredmedia":[{"embeddable":true,"href":"https:\/\/cadt81.fr\/index.php\/wp-json\/wp\/v2\/media\/38679"}],"wp:attachment":[{"href":"https:\/\/cadt81.fr\/index.php\/wp-json\/wp\/v2\/media?parent=38678"}],"curies":[{"name":"wp","href":"https:\/\/api.w.org\/{rel}","templated":true}]}}