{"id":38644,"date":"2022-10-27T10:54:23","date_gmt":"2022-10-27T08:54:23","guid":{"rendered":"https:\/\/cadt81.fr\/?post_type=product&#038;p=38644"},"modified":"2022-10-27T10:54:24","modified_gmt":"2022-10-27T08:54:24","slug":"020-4s-golf-2-3p-1-6d-55cv-1990","status":"publish","type":"product","link":"https:\/\/cadt81.fr\/index.php\/produit\/020-4s-golf-2-3p-1-6d-55cv-1990\/","title":{"rendered":"020-4S &#8211; GOLF 2 3P 1.6D 55CV 1990"},"content":{"rendered":"","protected":false},"excerpt":{"rendered":"<p>Boite de vitesses<\/p>\n<p>Marque : VOLKSWAGEN<\/p>\n<p>Mod\u00e8le : GOLF 2 3P 1.6D 55CV<\/p>\n<p>Ann\u00e9e : 1990<\/p>\n<p>LP 18302<\/p>\n<p>Kilom\u00e9trage : non communiqu\u00e9<\/p>\n<p>Casier : 1B3BD007<\/p>\n","protected":false},"featured_media":38645,"comment_status":"open","ping_status":"closed","template":"","meta":{"spay_email":""},"class_list":["post-38644","product","type-product","status-publish","has-post-thumbnail","hentry","product_cat-boite-de-vitesses-volkswagen","product_cat-volkswagen","product_tag-2928"],"yoast_head":"<!-- This site is optimized with the Yoast SEO plugin v14.7 - https:\/\/yoast.com\/wordpress\/plugins\/seo\/ -->\n<title>020-4S - GOLF 2 3P 1.6D 55CV 1990 - Cadt81<\/title>\n<meta name=\"robots\" content=\"index, follow\" \/>\n<meta name=\"googlebot\" content=\"index, follow, max-snippet:-1, max-image-preview:large, max-video-preview:-1\" \/>\n<meta name=\"bingbot\" content=\"index, follow, max-snippet:-1, max-image-preview:large, max-video-preview:-1\" \/>\n<link rel=\"canonical\" href=\"https:\/\/cadt81.fr\/index.php\/produit\/020-4s-golf-2-3p-1-6d-55cv-1990\/\" \/>\n<meta property=\"og:locale\" content=\"fr_FR\" \/>\n<meta property=\"og:type\" content=\"article\" \/>\n<meta property=\"og:title\" content=\"020-4S - GOLF 2 3P 1.6D 55CV 1990 - Cadt81\" \/>\n<meta property=\"og:description\" content=\"Boite de vitesses  Marque : VOLKSWAGEN  Mod\u00e8le : GOLF 2 3P 1.6D 55CV  Ann\u00e9e : 1990  LP 18302  Kilom\u00e9trage : non communiqu\u00e9  Casier : 1B3BD007\" \/>\n<meta property=\"og:url\" content=\"https:\/\/cadt81.fr\/index.php\/produit\/020-4s-golf-2-3p-1-6d-55cv-1990\/\" \/>\n<meta property=\"og:site_name\" content=\"Cadt81\" \/>\n<meta property=\"article:modified_time\" content=\"2022-10-27T08:54:24+00:00\" \/>\n<meta property=\"og:image\" content=\"https:\/\/cadt81.fr\/wp-content\/uploads\/2022\/10\/IMG_4843-scaled.jpg\" \/>\n\t<meta property=\"og:image:width\" content=\"2560\" \/>\n\t<meta property=\"og:image:height\" content=\"1920\" \/>\n<meta name=\"twitter:card\" content=\"summary_large_image\" \/>\n<script type=\"application\/ld+json\" class=\"yoast-schema-graph\">{\"@context\":\"https:\/\/schema.org\",\"@graph\":[{\"@type\":\"WebSite\",\"@id\":\"https:\/\/cadt81.fr\/#website\",\"url\":\"https:\/\/cadt81.fr\/\",\"name\":\"Cadt81\",\"description\":\"bien vous servir est notre priorit\\u00e9\",\"potentialAction\":[{\"@type\":\"SearchAction\",\"target\":\"https:\/\/cadt81.fr\/?s={search_term_string}\",\"query-input\":\"required name=search_term_string\"}],\"inLanguage\":\"fr-FR\"},{\"@type\":\"ImageObject\",\"@id\":\"https:\/\/cadt81.fr\/index.php\/produit\/020-4s-golf-2-3p-1-6d-55cv-1990\/#primaryimage\",\"inLanguage\":\"fr-FR\",\"url\":\"https:\/\/cadt81.fr\/wp-content\/uploads\/2022\/10\/IMG_4843-scaled.jpg\",\"width\":2560,\"height\":1920},{\"@type\":\"WebPage\",\"@id\":\"https:\/\/cadt81.fr\/index.php\/produit\/020-4s-golf-2-3p-1-6d-55cv-1990\/#webpage\",\"url\":\"https:\/\/cadt81.fr\/index.php\/produit\/020-4s-golf-2-3p-1-6d-55cv-1990\/\",\"name\":\"020-4S - GOLF 2 3P 1.6D 55CV 1990 - Cadt81\",\"isPartOf\":{\"@id\":\"https:\/\/cadt81.fr\/#website\"},\"primaryImageOfPage\":{\"@id\":\"https:\/\/cadt81.fr\/index.php\/produit\/020-4s-golf-2-3p-1-6d-55cv-1990\/#primaryimage\"},\"datePublished\":\"2022-10-27T08:54:23+00:00\",\"dateModified\":\"2022-10-27T08:54:24+00:00\",\"inLanguage\":\"fr-FR\",\"potentialAction\":[{\"@type\":\"ReadAction\",\"target\":[\"https:\/\/cadt81.fr\/index.php\/produit\/020-4s-golf-2-3p-1-6d-55cv-1990\/\"]}]}]}<\/script>\n<!-- \/ Yoast SEO plugin. -->","_links":{"self":[{"href":"https:\/\/cadt81.fr\/index.php\/wp-json\/wp\/v2\/product\/38644","targetHints":{"allow":["GET"]}}],"collection":[{"href":"https:\/\/cadt81.fr\/index.php\/wp-json\/wp\/v2\/product"}],"about":[{"href":"https:\/\/cadt81.fr\/index.php\/wp-json\/wp\/v2\/types\/product"}],"replies":[{"embeddable":true,"href":"https:\/\/cadt81.fr\/index.php\/wp-json\/wp\/v2\/comments?post=38644"}],"version-history":[{"count":1,"href":"https:\/\/cadt81.fr\/index.php\/wp-json\/wp\/v2\/product\/38644\/revisions"}],"predecessor-version":[{"id":38648,"href":"https:\/\/cadt81.fr\/index.php\/wp-json\/wp\/v2\/product\/38644\/revisions\/38648"}],"wp:featuredmedia":[{"embeddable":true,"href":"https:\/\/cadt81.fr\/index.php\/wp-json\/wp\/v2\/media\/38645"}],"wp:attachment":[{"href":"https:\/\/cadt81.fr\/index.php\/wp-json\/wp\/v2\/media?parent=38644"}],"curies":[{"name":"wp","href":"https:\/\/api.w.org\/{rel}","templated":true}]}}