{"id":38597,"date":"2022-10-12T14:35:31","date_gmt":"2022-10-12T12:35:31","guid":{"rendered":"https:\/\/cadt81.fr\/?post_type=product&#038;p=38597"},"modified":"2022-10-12T14:35:31","modified_gmt":"2022-10-12T12:35:31","slug":"206-ph2-5p-1-4-hdi-70cv-2","status":"publish","type":"product","link":"https:\/\/cadt81.fr\/index.php\/produit\/206-ph2-5p-1-4-hdi-70cv-2\/","title":{"rendered":"206 PH2 5P 1.4 HDI 70CV"},"content":{"rendered":"","protected":false},"excerpt":{"rendered":"<p>Porte arri\u00e8re droite<\/p>\n<p>Marque : PEUGEOT<\/p>\n<p>Mod\u00e8le : 206 PH2 5P 1.4 HDI 70CV<\/p>\n<p>Couleur : Blanc<\/p>\n<p>Commentaire : Porte abim\u00e9, sans garniture, avec l\u00e8ve vitre manuel<\/p>\n<p>LP 17516<\/p>\n<p>Casier : 1A28G002<\/p>\n","protected":false},"featured_media":38598,"comment_status":"open","ping_status":"closed","template":"","meta":{"spay_email":""},"class_list":["post-38597","product","type-product","status-publish","has-post-thumbnail","hentry","product_cat-carrosserie-peugeot","product_cat-peugeot","product_cat-porte-arriere-droit-carrosserie-peugeot","product_tag-2924"],"yoast_head":"<!-- This site is optimized with the Yoast SEO plugin v14.7 - https:\/\/yoast.com\/wordpress\/plugins\/seo\/ -->\n<title>206 PH2 5P 1.4 HDI 70CV - Cadt81<\/title>\n<meta name=\"robots\" content=\"index, follow\" \/>\n<meta name=\"googlebot\" content=\"index, follow, max-snippet:-1, max-image-preview:large, max-video-preview:-1\" \/>\n<meta name=\"bingbot\" content=\"index, follow, max-snippet:-1, max-image-preview:large, max-video-preview:-1\" \/>\n<link rel=\"canonical\" href=\"https:\/\/cadt81.fr\/index.php\/produit\/206-ph2-5p-1-4-hdi-70cv-2\/\" \/>\n<meta property=\"og:locale\" content=\"fr_FR\" \/>\n<meta property=\"og:type\" content=\"article\" \/>\n<meta property=\"og:title\" content=\"206 PH2 5P 1.4 HDI 70CV - Cadt81\" \/>\n<meta property=\"og:description\" content=\"Porte arri\u00e8re droite  Marque : PEUGEOT  Mod\u00e8le : 206 PH2 5P 1.4 HDI 70CV  Couleur : Blanc  Commentaire : Porte abim\u00e9, sans garniture, avec l\u00e8ve vitre manuel  LP 17516  Casier : 1A28G002\" \/>\n<meta property=\"og:url\" content=\"https:\/\/cadt81.fr\/index.php\/produit\/206-ph2-5p-1-4-hdi-70cv-2\/\" \/>\n<meta property=\"og:site_name\" content=\"Cadt81\" \/>\n<meta property=\"og:image\" content=\"https:\/\/cadt81.fr\/wp-content\/uploads\/2022\/10\/EXT-2.jpg\" \/>\n\t<meta property=\"og:image:width\" content=\"640\" \/>\n\t<meta property=\"og:image:height\" content=\"480\" \/>\n<meta name=\"twitter:card\" content=\"summary_large_image\" \/>\n<script type=\"application\/ld+json\" class=\"yoast-schema-graph\">{\"@context\":\"https:\/\/schema.org\",\"@graph\":[{\"@type\":\"WebSite\",\"@id\":\"https:\/\/cadt81.fr\/#website\",\"url\":\"https:\/\/cadt81.fr\/\",\"name\":\"Cadt81\",\"description\":\"bien vous servir est notre priorit\\u00e9\",\"potentialAction\":[{\"@type\":\"SearchAction\",\"target\":\"https:\/\/cadt81.fr\/?s={search_term_string}\",\"query-input\":\"required name=search_term_string\"}],\"inLanguage\":\"fr-FR\"},{\"@type\":\"ImageObject\",\"@id\":\"https:\/\/cadt81.fr\/index.php\/produit\/206-ph2-5p-1-4-hdi-70cv-2\/#primaryimage\",\"inLanguage\":\"fr-FR\",\"url\":\"https:\/\/cadt81.fr\/wp-content\/uploads\/2022\/10\/EXT-2.jpg\",\"width\":640,\"height\":480},{\"@type\":\"WebPage\",\"@id\":\"https:\/\/cadt81.fr\/index.php\/produit\/206-ph2-5p-1-4-hdi-70cv-2\/#webpage\",\"url\":\"https:\/\/cadt81.fr\/index.php\/produit\/206-ph2-5p-1-4-hdi-70cv-2\/\",\"name\":\"206 PH2 5P 1.4 HDI 70CV - Cadt81\",\"isPartOf\":{\"@id\":\"https:\/\/cadt81.fr\/#website\"},\"primaryImageOfPage\":{\"@id\":\"https:\/\/cadt81.fr\/index.php\/produit\/206-ph2-5p-1-4-hdi-70cv-2\/#primaryimage\"},\"datePublished\":\"2022-10-12T12:35:31+00:00\",\"dateModified\":\"2022-10-12T12:35:31+00:00\",\"inLanguage\":\"fr-FR\",\"potentialAction\":[{\"@type\":\"ReadAction\",\"target\":[\"https:\/\/cadt81.fr\/index.php\/produit\/206-ph2-5p-1-4-hdi-70cv-2\/\"]}]}]}<\/script>\n<!-- \/ Yoast SEO plugin. -->","_links":{"self":[{"href":"https:\/\/cadt81.fr\/index.php\/wp-json\/wp\/v2\/product\/38597","targetHints":{"allow":["GET"]}}],"collection":[{"href":"https:\/\/cadt81.fr\/index.php\/wp-json\/wp\/v2\/product"}],"about":[{"href":"https:\/\/cadt81.fr\/index.php\/wp-json\/wp\/v2\/types\/product"}],"replies":[{"embeddable":true,"href":"https:\/\/cadt81.fr\/index.php\/wp-json\/wp\/v2\/comments?post=38597"}],"version-history":[{"count":1,"href":"https:\/\/cadt81.fr\/index.php\/wp-json\/wp\/v2\/product\/38597\/revisions"}],"predecessor-version":[{"id":38600,"href":"https:\/\/cadt81.fr\/index.php\/wp-json\/wp\/v2\/product\/38597\/revisions\/38600"}],"wp:featuredmedia":[{"embeddable":true,"href":"https:\/\/cadt81.fr\/index.php\/wp-json\/wp\/v2\/media\/38598"}],"wp:attachment":[{"href":"https:\/\/cadt81.fr\/index.php\/wp-json\/wp\/v2\/media?parent=38597"}],"curies":[{"name":"wp","href":"https:\/\/api.w.org\/{rel}","templated":true}]}}