{"id":38577,"date":"2022-10-11T16:12:29","date_gmt":"2022-10-11T14:12:29","guid":{"rendered":"https:\/\/cadt81.fr\/?post_type=product&#038;p=38577"},"modified":"2022-10-11T16:12:30","modified_gmt":"2022-10-11T14:12:30","slug":"206-ph1-5p-1-9d-70cv","status":"publish","type":"product","link":"https:\/\/cadt81.fr\/index.php\/produit\/206-ph1-5p-1-9d-70cv\/","title":{"rendered":"206 PH1 5P 1.9D 70CV"},"content":{"rendered":"","protected":false},"excerpt":{"rendered":"<p>Aile Avant droite<\/p>\n<p>Marque : Peugeot<\/p>\n<p>Mod\u00e8le : 206 PH1 5P 1.9D 70CV<\/p>\n<p>Couleur : Blanc<\/p>\n<p>Commentaires : Etat moyen, Ray\u00e9, Poqu\u00e9<\/p>\n<p>LP 18010<\/p>\n<p>Casier : 1A29D002<\/p>\n","protected":false},"featured_media":38578,"comment_status":"open","ping_status":"closed","template":"","meta":{"spay_email":""},"class_list":["post-38577","product","type-product","status-publish","has-post-thumbnail","hentry","product_cat-aile-avant-droit-carrosserie-peugeot","product_cat-carrosserie-peugeot","product_cat-peugeot","product_tag-2920"],"yoast_head":"<!-- This site is optimized with the Yoast SEO plugin v14.7 - https:\/\/yoast.com\/wordpress\/plugins\/seo\/ -->\n<title>206 PH1 5P 1.9D 70CV - Cadt81<\/title>\n<meta name=\"robots\" content=\"index, follow\" \/>\n<meta name=\"googlebot\" content=\"index, follow, max-snippet:-1, max-image-preview:large, max-video-preview:-1\" \/>\n<meta name=\"bingbot\" content=\"index, follow, max-snippet:-1, max-image-preview:large, max-video-preview:-1\" \/>\n<link rel=\"canonical\" href=\"https:\/\/cadt81.fr\/index.php\/produit\/206-ph1-5p-1-9d-70cv\/\" \/>\n<meta property=\"og:locale\" content=\"fr_FR\" \/>\n<meta property=\"og:type\" content=\"article\" \/>\n<meta property=\"og:title\" content=\"206 PH1 5P 1.9D 70CV - Cadt81\" \/>\n<meta property=\"og:description\" content=\"Aile Avant droite  Marque : Peugeot  Mod\u00e8le : 206 PH1 5P 1.9D 70CV  Couleur : Blanc  Commentaires : Etat moyen, Ray\u00e9, Poqu\u00e9  LP 18010  Casier : 1A29D002\" \/>\n<meta property=\"og:url\" content=\"https:\/\/cadt81.fr\/index.php\/produit\/206-ph1-5p-1-9d-70cv\/\" \/>\n<meta property=\"og:site_name\" content=\"Cadt81\" \/>\n<meta property=\"article:modified_time\" content=\"2022-10-11T14:12:30+00:00\" \/>\n<meta property=\"og:image\" content=\"https:\/\/cadt81.fr\/wp-content\/uploads\/2022\/10\/18010-1--scaled.jpg\" \/>\n\t<meta property=\"og:image:width\" content=\"2560\" \/>\n\t<meta property=\"og:image:height\" content=\"1920\" \/>\n<meta name=\"twitter:card\" content=\"summary_large_image\" \/>\n<script type=\"application\/ld+json\" class=\"yoast-schema-graph\">{\"@context\":\"https:\/\/schema.org\",\"@graph\":[{\"@type\":\"WebSite\",\"@id\":\"https:\/\/cadt81.fr\/#website\",\"url\":\"https:\/\/cadt81.fr\/\",\"name\":\"Cadt81\",\"description\":\"bien vous servir est notre priorit\\u00e9\",\"potentialAction\":[{\"@type\":\"SearchAction\",\"target\":\"https:\/\/cadt81.fr\/?s={search_term_string}\",\"query-input\":\"required name=search_term_string\"}],\"inLanguage\":\"fr-FR\"},{\"@type\":\"ImageObject\",\"@id\":\"https:\/\/cadt81.fr\/index.php\/produit\/206-ph1-5p-1-9d-70cv\/#primaryimage\",\"inLanguage\":\"fr-FR\",\"url\":\"https:\/\/cadt81.fr\/wp-content\/uploads\/2022\/10\/18010-1--scaled.jpg\",\"width\":2560,\"height\":1920},{\"@type\":\"WebPage\",\"@id\":\"https:\/\/cadt81.fr\/index.php\/produit\/206-ph1-5p-1-9d-70cv\/#webpage\",\"url\":\"https:\/\/cadt81.fr\/index.php\/produit\/206-ph1-5p-1-9d-70cv\/\",\"name\":\"206 PH1 5P 1.9D 70CV - Cadt81\",\"isPartOf\":{\"@id\":\"https:\/\/cadt81.fr\/#website\"},\"primaryImageOfPage\":{\"@id\":\"https:\/\/cadt81.fr\/index.php\/produit\/206-ph1-5p-1-9d-70cv\/#primaryimage\"},\"datePublished\":\"2022-10-11T14:12:29+00:00\",\"dateModified\":\"2022-10-11T14:12:30+00:00\",\"inLanguage\":\"fr-FR\",\"potentialAction\":[{\"@type\":\"ReadAction\",\"target\":[\"https:\/\/cadt81.fr\/index.php\/produit\/206-ph1-5p-1-9d-70cv\/\"]}]}]}<\/script>\n<!-- \/ Yoast SEO plugin. -->","_links":{"self":[{"href":"https:\/\/cadt81.fr\/index.php\/wp-json\/wp\/v2\/product\/38577","targetHints":{"allow":["GET"]}}],"collection":[{"href":"https:\/\/cadt81.fr\/index.php\/wp-json\/wp\/v2\/product"}],"about":[{"href":"https:\/\/cadt81.fr\/index.php\/wp-json\/wp\/v2\/types\/product"}],"replies":[{"embeddable":true,"href":"https:\/\/cadt81.fr\/index.php\/wp-json\/wp\/v2\/comments?post=38577"}],"version-history":[{"count":1,"href":"https:\/\/cadt81.fr\/index.php\/wp-json\/wp\/v2\/product\/38577\/revisions"}],"predecessor-version":[{"id":38580,"href":"https:\/\/cadt81.fr\/index.php\/wp-json\/wp\/v2\/product\/38577\/revisions\/38580"}],"wp:featuredmedia":[{"embeddable":true,"href":"https:\/\/cadt81.fr\/index.php\/wp-json\/wp\/v2\/media\/38578"}],"wp:attachment":[{"href":"https:\/\/cadt81.fr\/index.php\/wp-json\/wp\/v2\/media?parent=38577"}],"curies":[{"name":"wp","href":"https:\/\/api.w.org\/{rel}","templated":true}]}}