{"id":38535,"date":"2022-10-11T14:48:03","date_gmt":"2022-10-11T12:48:03","guid":{"rendered":"https:\/\/cadt81.fr\/?post_type=product&#038;p=38535"},"modified":"2022-10-11T14:48:03","modified_gmt":"2022-10-11T12:48:03","slug":"vivaro-ph2-2l-cdti-90cv-2","status":"publish","type":"product","link":"https:\/\/cadt81.fr\/index.php\/produit\/vivaro-ph2-2l-cdti-90cv-2\/","title":{"rendered":"VIVARO PH2 2L CDTI 90CV"},"content":{"rendered":"","protected":false},"excerpt":{"rendered":"<p>Porte avant gauche<\/p>\n<p>Marque : Opel<\/p>\n<p>Mod\u00e8le : VIVARO PH2 2L CDTI 90CV<\/p>\n<p>Couleur : Blanc<\/p>\n<p>Commentaire : \u00c9tat propre quelques rayure sont apparente, porte nue, Porte floqu\u00e9<\/p>\n<p>LP 16968<\/p>\n<p>Casier : 1A18D006<\/p>\n<p>&nbsp;<\/p>\n","protected":false},"featured_media":38537,"comment_status":"open","ping_status":"closed","template":"","meta":{"spay_email":""},"class_list":["post-38535","product","type-product","status-publish","has-post-thumbnail","hentry","product_cat-carrosserie-opel","product_cat-opel","product_cat-porte-avant-gauche-carrosserie-opel","product_tag-2908"],"yoast_head":"<!-- This site is optimized with the Yoast SEO plugin v14.7 - https:\/\/yoast.com\/wordpress\/plugins\/seo\/ -->\n<title>VIVARO PH2 2L CDTI 90CV - Cadt81<\/title>\n<meta name=\"robots\" content=\"index, follow\" \/>\n<meta name=\"googlebot\" content=\"index, follow, max-snippet:-1, max-image-preview:large, max-video-preview:-1\" \/>\n<meta name=\"bingbot\" content=\"index, follow, max-snippet:-1, max-image-preview:large, max-video-preview:-1\" \/>\n<link rel=\"canonical\" href=\"https:\/\/cadt81.fr\/index.php\/produit\/vivaro-ph2-2l-cdti-90cv-2\/\" \/>\n<meta property=\"og:locale\" content=\"fr_FR\" \/>\n<meta property=\"og:type\" content=\"article\" \/>\n<meta property=\"og:title\" content=\"VIVARO PH2 2L CDTI 90CV - Cadt81\" \/>\n<meta property=\"og:description\" content=\"Porte avant gauche  Marque : Opel  Mod\u00e8le : VIVARO PH2 2L CDTI 90CV  Couleur : Blanc  Commentaire : \u00c9tat propre quelques rayure sont apparente, porte nue, Porte floqu\u00e9  LP 16968  Casier : 1A18D006  &nbsp;\" \/>\n<meta property=\"og:url\" content=\"https:\/\/cadt81.fr\/index.php\/produit\/vivaro-ph2-2l-cdti-90cv-2\/\" \/>\n<meta property=\"og:site_name\" content=\"Cadt81\" \/>\n<meta property=\"og:image\" content=\"https:\/\/cadt81.fr\/wp-content\/uploads\/2022\/10\/16968-AVG-EXT.jpg\" \/>\n\t<meta property=\"og:image:width\" content=\"640\" \/>\n\t<meta property=\"og:image:height\" content=\"480\" \/>\n<meta name=\"twitter:card\" content=\"summary_large_image\" \/>\n<script type=\"application\/ld+json\" class=\"yoast-schema-graph\">{\"@context\":\"https:\/\/schema.org\",\"@graph\":[{\"@type\":\"WebSite\",\"@id\":\"https:\/\/cadt81.fr\/#website\",\"url\":\"https:\/\/cadt81.fr\/\",\"name\":\"Cadt81\",\"description\":\"bien vous servir est notre priorit\\u00e9\",\"potentialAction\":[{\"@type\":\"SearchAction\",\"target\":\"https:\/\/cadt81.fr\/?s={search_term_string}\",\"query-input\":\"required name=search_term_string\"}],\"inLanguage\":\"fr-FR\"},{\"@type\":\"ImageObject\",\"@id\":\"https:\/\/cadt81.fr\/index.php\/produit\/vivaro-ph2-2l-cdti-90cv-2\/#primaryimage\",\"inLanguage\":\"fr-FR\",\"url\":\"https:\/\/cadt81.fr\/wp-content\/uploads\/2022\/10\/16968-AVG-EXT.jpg\",\"width\":640,\"height\":480},{\"@type\":\"WebPage\",\"@id\":\"https:\/\/cadt81.fr\/index.php\/produit\/vivaro-ph2-2l-cdti-90cv-2\/#webpage\",\"url\":\"https:\/\/cadt81.fr\/index.php\/produit\/vivaro-ph2-2l-cdti-90cv-2\/\",\"name\":\"VIVARO PH2 2L CDTI 90CV - Cadt81\",\"isPartOf\":{\"@id\":\"https:\/\/cadt81.fr\/#website\"},\"primaryImageOfPage\":{\"@id\":\"https:\/\/cadt81.fr\/index.php\/produit\/vivaro-ph2-2l-cdti-90cv-2\/#primaryimage\"},\"datePublished\":\"2022-10-11T12:48:03+00:00\",\"dateModified\":\"2022-10-11T12:48:03+00:00\",\"inLanguage\":\"fr-FR\",\"potentialAction\":[{\"@type\":\"ReadAction\",\"target\":[\"https:\/\/cadt81.fr\/index.php\/produit\/vivaro-ph2-2l-cdti-90cv-2\/\"]}]}]}<\/script>\n<!-- \/ Yoast SEO plugin. -->","_links":{"self":[{"href":"https:\/\/cadt81.fr\/index.php\/wp-json\/wp\/v2\/product\/38535","targetHints":{"allow":["GET"]}}],"collection":[{"href":"https:\/\/cadt81.fr\/index.php\/wp-json\/wp\/v2\/product"}],"about":[{"href":"https:\/\/cadt81.fr\/index.php\/wp-json\/wp\/v2\/types\/product"}],"replies":[{"embeddable":true,"href":"https:\/\/cadt81.fr\/index.php\/wp-json\/wp\/v2\/comments?post=38535"}],"version-history":[{"count":2,"href":"https:\/\/cadt81.fr\/index.php\/wp-json\/wp\/v2\/product\/38535\/revisions"}],"predecessor-version":[{"id":38539,"href":"https:\/\/cadt81.fr\/index.php\/wp-json\/wp\/v2\/product\/38535\/revisions\/38539"}],"wp:featuredmedia":[{"embeddable":true,"href":"https:\/\/cadt81.fr\/index.php\/wp-json\/wp\/v2\/media\/38537"}],"wp:attachment":[{"href":"https:\/\/cadt81.fr\/index.php\/wp-json\/wp\/v2\/media?parent=38535"}],"curies":[{"name":"wp","href":"https:\/\/api.w.org\/{rel}","templated":true}]}}