{"id":38502,"date":"2022-09-27T11:32:42","date_gmt":"2022-09-27T09:32:42","guid":{"rendered":"https:\/\/cadt81.fr\/?post_type=product&#038;p=38502"},"modified":"2022-09-27T11:32:43","modified_gmt":"2022-09-27T09:32:43","slug":"corsa-b-3p-1-0i-16v-55cv-1999","status":"publish","type":"product","link":"https:\/\/cadt81.fr\/index.php\/produit\/corsa-b-3p-1-0i-16v-55cv-1999\/","title":{"rendered":"CORSA B 3P 1.0I 16V 55CV 1999"},"content":{"rendered":"<p>&nbsp;<\/p>\n<p>&nbsp;<\/p>\n","protected":false},"excerpt":{"rendered":"<p>Hayon<\/p>\n<p>Vernis endommag\u00e9<\/p>\n<p>Marque : Opel<\/p>\n<p>Mod\u00e8le : CORSA B 3P 1.0I 16V 55CV<\/p>\n<p>Ann\u00e9e : 1999<\/p>\n<p>LP 18021<\/p>\n<p>Casier : 1A15D002<\/p>\n","protected":false},"featured_media":38503,"comment_status":"open","ping_status":"closed","template":"","meta":{"spay_email":""},"class_list":["post-38502","product","type-product","status-publish","has-post-thumbnail","hentry","product_cat-carrosserie-opel","product_cat-hayon-carrosserie-opel","product_cat-opel"],"yoast_head":"<!-- This site is optimized with the Yoast SEO plugin v14.7 - https:\/\/yoast.com\/wordpress\/plugins\/seo\/ -->\n<title>CORSA B 3P 1.0I 16V 55CV 1999 - Cadt81<\/title>\n<meta name=\"robots\" content=\"index, follow\" \/>\n<meta name=\"googlebot\" content=\"index, follow, max-snippet:-1, max-image-preview:large, max-video-preview:-1\" \/>\n<meta name=\"bingbot\" content=\"index, follow, max-snippet:-1, max-image-preview:large, max-video-preview:-1\" \/>\n<link rel=\"canonical\" href=\"https:\/\/cadt81.fr\/index.php\/produit\/corsa-b-3p-1-0i-16v-55cv-1999\/\" \/>\n<meta property=\"og:locale\" content=\"fr_FR\" \/>\n<meta property=\"og:type\" content=\"article\" \/>\n<meta property=\"og:title\" content=\"CORSA B 3P 1.0I 16V 55CV 1999 - Cadt81\" \/>\n<meta property=\"og:description\" content=\"Hayon  Vernis endommag\u00e9  Marque : Opel  Mod\u00e8le : CORSA B 3P 1.0I 16V 55CV  Ann\u00e9e : 1999  LP 18021  Casier : 1A15D002\" \/>\n<meta property=\"og:url\" content=\"https:\/\/cadt81.fr\/index.php\/produit\/corsa-b-3p-1-0i-16v-55cv-1999\/\" \/>\n<meta property=\"og:site_name\" content=\"Cadt81\" \/>\n<meta property=\"article:modified_time\" content=\"2022-09-27T09:32:43+00:00\" \/>\n<meta property=\"og:image\" content=\"https:\/\/cadt81.fr\/wp-content\/uploads\/2022\/09\/IMG_4487-scaled.jpg\" \/>\n\t<meta property=\"og:image:width\" content=\"2560\" \/>\n\t<meta property=\"og:image:height\" content=\"1920\" \/>\n<meta name=\"twitter:card\" content=\"summary_large_image\" \/>\n<script type=\"application\/ld+json\" class=\"yoast-schema-graph\">{\"@context\":\"https:\/\/schema.org\",\"@graph\":[{\"@type\":\"WebSite\",\"@id\":\"https:\/\/cadt81.fr\/#website\",\"url\":\"https:\/\/cadt81.fr\/\",\"name\":\"Cadt81\",\"description\":\"bien vous servir est notre priorit\\u00e9\",\"potentialAction\":[{\"@type\":\"SearchAction\",\"target\":\"https:\/\/cadt81.fr\/?s={search_term_string}\",\"query-input\":\"required name=search_term_string\"}],\"inLanguage\":\"fr-FR\"},{\"@type\":\"ImageObject\",\"@id\":\"https:\/\/cadt81.fr\/index.php\/produit\/corsa-b-3p-1-0i-16v-55cv-1999\/#primaryimage\",\"inLanguage\":\"fr-FR\",\"url\":\"https:\/\/cadt81.fr\/wp-content\/uploads\/2022\/09\/IMG_4487-scaled.jpg\",\"width\":2560,\"height\":1920},{\"@type\":\"WebPage\",\"@id\":\"https:\/\/cadt81.fr\/index.php\/produit\/corsa-b-3p-1-0i-16v-55cv-1999\/#webpage\",\"url\":\"https:\/\/cadt81.fr\/index.php\/produit\/corsa-b-3p-1-0i-16v-55cv-1999\/\",\"name\":\"CORSA B 3P 1.0I 16V 55CV 1999 - Cadt81\",\"isPartOf\":{\"@id\":\"https:\/\/cadt81.fr\/#website\"},\"primaryImageOfPage\":{\"@id\":\"https:\/\/cadt81.fr\/index.php\/produit\/corsa-b-3p-1-0i-16v-55cv-1999\/#primaryimage\"},\"datePublished\":\"2022-09-27T09:32:42+00:00\",\"dateModified\":\"2022-09-27T09:32:43+00:00\",\"inLanguage\":\"fr-FR\",\"potentialAction\":[{\"@type\":\"ReadAction\",\"target\":[\"https:\/\/cadt81.fr\/index.php\/produit\/corsa-b-3p-1-0i-16v-55cv-1999\/\"]}]}]}<\/script>\n<!-- \/ Yoast SEO plugin. -->","_links":{"self":[{"href":"https:\/\/cadt81.fr\/index.php\/wp-json\/wp\/v2\/product\/38502","targetHints":{"allow":["GET"]}}],"collection":[{"href":"https:\/\/cadt81.fr\/index.php\/wp-json\/wp\/v2\/product"}],"about":[{"href":"https:\/\/cadt81.fr\/index.php\/wp-json\/wp\/v2\/types\/product"}],"replies":[{"embeddable":true,"href":"https:\/\/cadt81.fr\/index.php\/wp-json\/wp\/v2\/comments?post=38502"}],"version-history":[{"count":2,"href":"https:\/\/cadt81.fr\/index.php\/wp-json\/wp\/v2\/product\/38502\/revisions"}],"predecessor-version":[{"id":38506,"href":"https:\/\/cadt81.fr\/index.php\/wp-json\/wp\/v2\/product\/38502\/revisions\/38506"}],"wp:featuredmedia":[{"embeddable":true,"href":"https:\/\/cadt81.fr\/index.php\/wp-json\/wp\/v2\/media\/38503"}],"wp:attachment":[{"href":"https:\/\/cadt81.fr\/index.php\/wp-json\/wp\/v2\/media?parent=38502"}],"curies":[{"name":"wp","href":"https:\/\/api.w.org\/{rel}","templated":true}]}}