{"id":38481,"date":"2022-09-26T10:10:59","date_gmt":"2022-09-26T08:10:59","guid":{"rendered":"https:\/\/cadt81.fr\/?post_type=product&#038;p=38481"},"modified":"2022-09-26T10:30:10","modified_gmt":"2022-09-26T08:30:10","slug":"verin-electrique-hayon-3008-ph2","status":"publish","type":"product","link":"https:\/\/cadt81.fr\/index.php\/produit\/verin-electrique-hayon-3008-ph2\/","title":{"rendered":"V\u00e9rin \u00e9lectrique hayon 3008 ph2"},"content":{"rendered":"<p>V\u00e9rin \u00e9lectrique Hayon Peugeot 3008 PH2<\/p>\n<p>Ann\u00e9e : 2020<\/p>\n<p>R\u00e9f\u00e9rence : 9830770280 \/ 9830769680<\/p>\n<p>LP 16043<\/p>\n<p>Appeler pour plus de renseignements<\/p>\n","protected":false},"excerpt":{"rendered":"<p>V\u00e9rin \u00e9lectrique Hayon Peugeot 3008 PH2 Ann\u00e9e : 2020 R\u00e9f\u00e9rence : 9830770280 \/ 9830769680 LP 16043 Appeler pour plus de renseignements<\/p>\n","protected":false},"featured_media":38479,"comment_status":"open","ping_status":"closed","template":"","meta":{"spay_email":""},"class_list":["post-38481","product","type-product","status-publish","has-post-thumbnail","hentry","product_cat-coffre-carrosserie-peugeot","product_cat-coffre-carrosserie-alfaromeo","product_cat-hayon-carrosserie-peugeot","product_cat-peugeot"],"yoast_head":"<!-- This site is optimized with the Yoast SEO plugin v14.7 - https:\/\/yoast.com\/wordpress\/plugins\/seo\/ -->\n<title>V\u00e9rin \u00e9lectrique hayon 3008 ph2 - Cadt81 -<\/title>\n<meta name=\"description\" content=\"V\u00e9rin \u00e9lectrique hayon 3008 ph2 Ann\u00e9e 2020 r\u00e9f\u00e9rence constructeur 9830769680 9830770280 parfait \u00e9tat de marche\" \/>\n<meta name=\"robots\" content=\"index, follow\" \/>\n<meta name=\"googlebot\" content=\"index, follow, max-snippet:-1, max-image-preview:large, max-video-preview:-1\" \/>\n<meta name=\"bingbot\" content=\"index, follow, max-snippet:-1, max-image-preview:large, max-video-preview:-1\" \/>\n<link rel=\"canonical\" href=\"https:\/\/cadt81.fr\/index.php\/produit\/verin-electrique-hayon-3008-ph2\/\" \/>\n<meta property=\"og:locale\" content=\"fr_FR\" \/>\n<meta property=\"og:type\" content=\"article\" \/>\n<meta property=\"og:title\" content=\"V\u00e9rin \u00e9lectrique hayon 3008 ph2 - Cadt81 -\" \/>\n<meta property=\"og:description\" content=\"V\u00e9rin \u00e9lectrique hayon 3008 ph2 Ann\u00e9e 2020 r\u00e9f\u00e9rence constructeur 9830769680 9830770280 parfait \u00e9tat de marche\" \/>\n<meta property=\"og:url\" content=\"https:\/\/cadt81.fr\/index.php\/produit\/verin-electrique-hayon-3008-ph2\/\" \/>\n<meta property=\"og:site_name\" content=\"Cadt81\" \/>\n<meta property=\"article:modified_time\" content=\"2022-09-26T08:30:10+00:00\" \/>\n<meta property=\"og:image\" content=\"https:\/\/cadt81.fr\/wp-content\/uploads\/2022\/09\/IMG_4449-scaled.jpg\" \/>\n\t<meta property=\"og:image:width\" content=\"1920\" \/>\n\t<meta property=\"og:image:height\" content=\"2560\" \/>\n<meta name=\"twitter:card\" content=\"summary_large_image\" \/>\n<script type=\"application\/ld+json\" class=\"yoast-schema-graph\">{\"@context\":\"https:\/\/schema.org\",\"@graph\":[{\"@type\":\"WebSite\",\"@id\":\"https:\/\/cadt81.fr\/#website\",\"url\":\"https:\/\/cadt81.fr\/\",\"name\":\"Cadt81\",\"description\":\"bien vous servir est notre priorit\\u00e9\",\"potentialAction\":[{\"@type\":\"SearchAction\",\"target\":\"https:\/\/cadt81.fr\/?s={search_term_string}\",\"query-input\":\"required name=search_term_string\"}],\"inLanguage\":\"fr-FR\"},{\"@type\":\"ImageObject\",\"@id\":\"https:\/\/cadt81.fr\/index.php\/produit\/verin-electrique-hayon-3008-ph2\/#primaryimage\",\"inLanguage\":\"fr-FR\",\"url\":\"https:\/\/cadt81.fr\/wp-content\/uploads\/2022\/09\/IMG_4449-scaled.jpg\",\"width\":1920,\"height\":2560},{\"@type\":\"WebPage\",\"@id\":\"https:\/\/cadt81.fr\/index.php\/produit\/verin-electrique-hayon-3008-ph2\/#webpage\",\"url\":\"https:\/\/cadt81.fr\/index.php\/produit\/verin-electrique-hayon-3008-ph2\/\",\"name\":\"V\\u00e9rin \\u00e9lectrique hayon 3008 ph2 - Cadt81 -\",\"isPartOf\":{\"@id\":\"https:\/\/cadt81.fr\/#website\"},\"primaryImageOfPage\":{\"@id\":\"https:\/\/cadt81.fr\/index.php\/produit\/verin-electrique-hayon-3008-ph2\/#primaryimage\"},\"datePublished\":\"2022-09-26T08:10:59+00:00\",\"dateModified\":\"2022-09-26T08:30:10+00:00\",\"description\":\"V\\u00e9rin \\u00e9lectrique hayon 3008 ph2 Ann\\u00e9e 2020 r\\u00e9f\\u00e9rence constructeur 9830769680 9830770280 parfait \\u00e9tat de marche\",\"inLanguage\":\"fr-FR\",\"potentialAction\":[{\"@type\":\"ReadAction\",\"target\":[\"https:\/\/cadt81.fr\/index.php\/produit\/verin-electrique-hayon-3008-ph2\/\"]}]}]}<\/script>\n<!-- \/ Yoast SEO plugin. -->","_links":{"self":[{"href":"https:\/\/cadt81.fr\/index.php\/wp-json\/wp\/v2\/product\/38481","targetHints":{"allow":["GET"]}}],"collection":[{"href":"https:\/\/cadt81.fr\/index.php\/wp-json\/wp\/v2\/product"}],"about":[{"href":"https:\/\/cadt81.fr\/index.php\/wp-json\/wp\/v2\/types\/product"}],"replies":[{"embeddable":true,"href":"https:\/\/cadt81.fr\/index.php\/wp-json\/wp\/v2\/comments?post=38481"}],"version-history":[{"count":3,"href":"https:\/\/cadt81.fr\/index.php\/wp-json\/wp\/v2\/product\/38481\/revisions"}],"predecessor-version":[{"id":38484,"href":"https:\/\/cadt81.fr\/index.php\/wp-json\/wp\/v2\/product\/38481\/revisions\/38484"}],"wp:featuredmedia":[{"embeddable":true,"href":"https:\/\/cadt81.fr\/index.php\/wp-json\/wp\/v2\/media\/38479"}],"wp:attachment":[{"href":"https:\/\/cadt81.fr\/index.php\/wp-json\/wp\/v2\/media?parent=38481"}],"curies":[{"name":"wp","href":"https:\/\/api.w.org\/{rel}","templated":true}]}}