{"id":6479,"date":"2020-08-03T13:54:26","date_gmt":"2020-08-03T11:54:26","guid":{"rendered":"https:\/\/cadt81.fr\/?page_id=6479"},"modified":"2021-02-16T10:00:45","modified_gmt":"2021-02-16T09:00:45","slug":"qui-sommes-nous","status":"publish","type":"page","link":"https:\/\/cadt81.fr\/index.php\/qui-sommes-nous\/","title":{"rendered":"Qui sommes nous ?"},"content":{"rendered":"\t\t<div data-elementor-type=\"wp-page\" data-elementor-id=\"6479\" class=\"elementor elementor-6479\">\n\t\t\t\t\t\t<div class=\"elementor-inner\">\n\t\t\t\t<div class=\"elementor-section-wrap\">\n\t\t\t\t\t\t\t\t\t<section class=\"elementor-section elementor-top-section elementor-element elementor-element-6ba459e2 elementor-section-boxed elementor-section-height-default elementor-section-height-default\" data-id=\"6ba459e2\" data-element_type=\"section\">\n\t\t\t\t\t\t<div class=\"elementor-container elementor-column-gap-default\">\n\t\t\t\t\t\t\t<div class=\"elementor-row\">\n\t\t\t\t\t<div class=\"elementor-column elementor-col-100 elementor-top-column elementor-element elementor-element-3a8acf5a\" data-id=\"3a8acf5a\" data-element_type=\"column\">\n\t\t\t<div class=\"elementor-column-wrap elementor-element-populated\">\n\t\t\t\t\t\t\t<div class=\"elementor-widget-wrap\">\n\t\t\t\t\t\t<div class=\"elementor-element elementor-element-a612ee4 elementor-widget elementor-widget-text-editor\" data-id=\"a612ee4\" data-element_type=\"widget\" data-widget_type=\"text-editor.default\">\n\t\t\t\t<div class=\"elementor-widget-container\">\n\t\t\t\t\t\t\t\t<div class=\"elementor-text-editor elementor-clearfix\">\n\t\t\t\t<p><!-- wp:paragraph --><\/p>\n<p>Chaque ann\u00e9e en France, environ 1.5 million de v\u00e9hicules deviennent hors d\u2019usage. Notre m\u00e9tier es de les collecter et donner une seconde vie aux pi\u00e8ces et mat\u00e9riaux qui composent ces v\u00e9hicules , en recyclant leurs produits polluants.<\/p>\n<p><!-- \/wp:paragraph --><\/p>\n<p><!-- wp:paragraph {\"fontSize\":\"medium\"} --><\/p>\n<p><!-- \/wp:list --><\/p>\n<p><!-- wp:paragraph --><\/p>\n<p><!-- \/wp:paragraph --><\/p>\t\t\t\t\t<\/div>\n\t\t\t\t\t\t<\/div>\n\t\t\t\t<\/div>\n\t\t\t\t\t\t<\/div>\n\t\t\t\t\t<\/div>\n\t\t<\/div>\n\t\t\t\t\t\t\t\t<\/div>\n\t\t\t\t\t<\/div>\n\t\t<\/section>\n\t\t\t\t<section class=\"elementor-section elementor-top-section elementor-element elementor-element-065b23b elementor-section-boxed elementor-section-height-default elementor-section-height-default\" data-id=\"065b23b\" data-element_type=\"section\">\n\t\t\t\t\t\t<div class=\"elementor-container elementor-column-gap-default\">\n\t\t\t\t\t\t\t<div class=\"elementor-row\">\n\t\t\t\t\t<div class=\"elementor-column elementor-col-100 elementor-top-column elementor-element elementor-element-4c3ecf9\" data-id=\"4c3ecf9\" data-element_type=\"column\">\n\t\t\t<div class=\"elementor-column-wrap elementor-element-populated\">\n\t\t\t\t\t\t\t<div class=\"elementor-widget-wrap\">\n\t\t\t\t\t\t<div class=\"elementor-element elementor-element-425725e elementor-widget elementor-widget-heading\" data-id=\"425725e\" data-element_type=\"widget\" data-widget_type=\"heading.default\">\n\t\t\t\t<div class=\"elementor-widget-container\">\n\t\t\t<h2 class=\"elementor-heading-title elementor-size-default\">Chiffres cl\u00e9s<\/h2>\t\t<\/div>\n\t\t\t\t<\/div>\n\t\t\t\t<div class=\"elementor-element elementor-element-5d704c8 elementor-widget elementor-widget-text-editor\" data-id=\"5d704c8\" data-element_type=\"widget\" data-widget_type=\"text-editor.default\">\n\t\t\t\t<div class=\"elementor-widget-container\">\n\t\t\t\t\t\t\t\t<div class=\"elementor-text-editor elementor-clearfix\">\n\t\t\t\t<ul style=\"color: rgb(83, 160, 87); font-family: &quot;Source Sans Pro&quot;, HelveticaNeue-Light, &quot;Helvetica Neue Light&quot;, &quot;Helvetica Neue&quot;, Helvetica, Arial, &quot;Lucida Grande&quot;, sans-serif;\"><li>1800 v\u00e9hicules trait\u00e9 chaque ann\u00e9e<\/li><li>1 000 000 \u20ac Chiffre d\u2019affaire<\/li><li>Effectif moyen : 13<\/li><li>Nombres de v\u00e9hicules pour la pi\u00e8ce en stock : 900<\/li><li>Surfaces : 12 000 m\u00b2 de stockage de v\u00e9hicule et 4 400 m\u00b2 de stockage de pi\u00e8ces<\/li><\/ul>\t\t\t\t\t<\/div>\n\t\t\t\t\t\t<\/div>\n\t\t\t\t<\/div>\n\t\t\t\t\t\t<\/div>\n\t\t\t\t\t<\/div>\n\t\t<\/div>\n\t\t\t\t\t\t\t\t<\/div>\n\t\t\t\t\t<\/div>\n\t\t<\/section>\n\t\t\t\t<section class=\"elementor-section elementor-top-section elementor-element elementor-element-175968e elementor-section-boxed elementor-section-height-default elementor-section-height-default\" data-id=\"175968e\" data-element_type=\"section\">\n\t\t\t\t\t\t<div class=\"elementor-container elementor-column-gap-default\">\n\t\t\t\t\t\t\t<div class=\"elementor-row\">\n\t\t\t\t\t<div class=\"elementor-column elementor-col-100 elementor-top-column elementor-element elementor-element-7540a9f\" data-id=\"7540a9f\" data-element_type=\"column\">\n\t\t\t<div class=\"elementor-column-wrap elementor-element-populated\">\n\t\t\t\t\t\t\t<div class=\"elementor-widget-wrap\">\n\t\t\t\t\t\t<div class=\"elementor-element elementor-element-c3136e1 elementor-widget elementor-widget-image\" data-id=\"c3136e1\" data-element_type=\"widget\" data-widget_type=\"image.default\">\n\t\t\t\t<div class=\"elementor-widget-container\">\n\t\t\t\t\t\t\t\t<div class=\"elementor-image\">\n\t\t\t\t\t\t\t\t\t\t\t\t<img loading=\"lazy\" decoding=\"async\" width=\"980\" height=\"551\" src=\"https:\/\/cadt81.fr\/wp-content\/uploads\/2020\/08\/DSC05199-1024x576.jpg\" class=\"attachment-large size-large\" alt=\"\" srcset=\"https:\/\/cadt81.fr\/wp-content\/uploads\/2020\/08\/DSC05199-1024x576.jpg 1024w, https:\/\/cadt81.fr\/wp-content\/uploads\/2020\/08\/DSC05199-300x169.jpg 300w, https:\/\/cadt81.fr\/wp-content\/uploads\/2020\/08\/DSC05199-768x432.jpg 768w, https:\/\/cadt81.fr\/wp-content\/uploads\/2020\/08\/DSC05199-1536x864.jpg 1536w, https:\/\/cadt81.fr\/wp-content\/uploads\/2020\/08\/DSC05199-2048x1152.jpg 2048w, https:\/\/cadt81.fr\/wp-content\/uploads\/2020\/08\/DSC05199-416x234.jpg 416w\" sizes=\"auto, (max-width: 980px) 100vw, 980px\" \/>\t\t\t\t\t\t\t\t\t\t\t\t\t\t<\/div>\n\t\t\t\t\t\t<\/div>\n\t\t\t\t<\/div>\n\t\t\t\t\t\t<\/div>\n\t\t\t\t\t<\/div>\n\t\t<\/div>\n\t\t\t\t\t\t\t\t<\/div>\n\t\t\t\t\t<\/div>\n\t\t<\/section>\n\t\t\t\t\t\t\t\t\t<\/div>\n\t\t\t<\/div>\n\t\t\t\t\t<\/div>\n\t\t","protected":false},"excerpt":{"rendered":"<p>Chaque ann\u00e9e en France, environ 1.5 million de v\u00e9hicules deviennent hors d\u2019usage. Notre m\u00e9tier es de les collecter et donner une seconde vie aux pi\u00e8ces et mat\u00e9riaux qui composent ces v\u00e9hicules , en recyclant leurs produits polluants. Chiffres cl\u00e9s 1800 v\u00e9hicules trait\u00e9 chaque ann\u00e9e 1 000 000 \u20ac Chiffre d\u2019affaire Effectif moyen : 13 Nombres [&hellip;]<\/p>\n","protected":false},"author":1,"featured_media":0,"parent":0,"menu_order":0,"comment_status":"closed","ping_status":"closed","template":"","meta":{"spay_email":"","footnotes":""},"class_list":["post-6479","page","type-page","status-publish","hentry"],"yoast_head":"<!-- This site is optimized with the Yoast SEO plugin v14.7 - https:\/\/yoast.com\/wordpress\/plugins\/seo\/ -->\n<title>Qui sommes nous ? - Cadt81<\/title>\n<meta name=\"robots\" content=\"index, follow\" \/>\n<meta name=\"googlebot\" content=\"index, follow, max-snippet:-1, max-image-preview:large, max-video-preview:-1\" \/>\n<meta name=\"bingbot\" content=\"index, follow, max-snippet:-1, max-image-preview:large, max-video-preview:-1\" \/>\n<link rel=\"canonical\" href=\"https:\/\/cadt81.fr\/index.php\/qui-sommes-nous\/\" \/>\n<meta property=\"og:locale\" content=\"fr_FR\" \/>\n<meta property=\"og:type\" content=\"article\" \/>\n<meta property=\"og:title\" content=\"Qui sommes nous ? - Cadt81\" \/>\n<meta property=\"og:description\" content=\"Chaque ann\u00e9e en France, environ 1.5 million de v\u00e9hicules deviennent hors d\u2019usage. Notre m\u00e9tier es de les collecter et donner une seconde vie aux pi\u00e8ces et mat\u00e9riaux qui composent ces v\u00e9hicules , en recyclant leurs produits polluants. Chiffres cl\u00e9s 1800 v\u00e9hicules trait\u00e9 chaque ann\u00e9e 1 000 000 \u20ac Chiffre d\u2019affaire Effectif moyen : 13 Nombres [&hellip;]\" \/>\n<meta property=\"og:url\" content=\"https:\/\/cadt81.fr\/index.php\/qui-sommes-nous\/\" \/>\n<meta property=\"og:site_name\" content=\"Cadt81\" \/>\n<meta property=\"article:modified_time\" content=\"2021-02-16T09:00:45+00:00\" \/>\n<meta property=\"og:image\" content=\"https:\/\/cadt81.fr\/wp-content\/uploads\/2020\/08\/DSC05199-1024x576.jpg\" \/>\n<meta name=\"twitter:card\" content=\"summary_large_image\" \/>\n<script type=\"application\/ld+json\" class=\"yoast-schema-graph\">{\"@context\":\"https:\/\/schema.org\",\"@graph\":[{\"@type\":\"WebSite\",\"@id\":\"https:\/\/cadt81.fr\/#website\",\"url\":\"https:\/\/cadt81.fr\/\",\"name\":\"Cadt81\",\"description\":\"bien vous servir est notre priorit\\u00e9\",\"potentialAction\":[{\"@type\":\"SearchAction\",\"target\":\"https:\/\/cadt81.fr\/?s={search_term_string}\",\"query-input\":\"required name=search_term_string\"}],\"inLanguage\":\"fr-FR\"},{\"@type\":\"ImageObject\",\"@id\":\"https:\/\/cadt81.fr\/index.php\/qui-sommes-nous\/#primaryimage\",\"inLanguage\":\"fr-FR\",\"url\":\"https:\/\/cadt81.fr\/wp-content\/uploads\/2020\/08\/DSC05199-scaled.jpg\",\"width\":2560,\"height\":1440},{\"@type\":\"WebPage\",\"@id\":\"https:\/\/cadt81.fr\/index.php\/qui-sommes-nous\/#webpage\",\"url\":\"https:\/\/cadt81.fr\/index.php\/qui-sommes-nous\/\",\"name\":\"Qui sommes nous ? - Cadt81\",\"isPartOf\":{\"@id\":\"https:\/\/cadt81.fr\/#website\"},\"primaryImageOfPage\":{\"@id\":\"https:\/\/cadt81.fr\/index.php\/qui-sommes-nous\/#primaryimage\"},\"datePublished\":\"2020-08-03T11:54:26+00:00\",\"dateModified\":\"2021-02-16T09:00:45+00:00\",\"inLanguage\":\"fr-FR\",\"potentialAction\":[{\"@type\":\"ReadAction\",\"target\":[\"https:\/\/cadt81.fr\/index.php\/qui-sommes-nous\/\"]}]}]}<\/script>\n<!-- \/ Yoast SEO plugin. -->","_links":{"self":[{"href":"https:\/\/cadt81.fr\/index.php\/wp-json\/wp\/v2\/pages\/6479","targetHints":{"allow":["GET"]}}],"collection":[{"href":"https:\/\/cadt81.fr\/index.php\/wp-json\/wp\/v2\/pages"}],"about":[{"href":"https:\/\/cadt81.fr\/index.php\/wp-json\/wp\/v2\/types\/page"}],"author":[{"embeddable":true,"href":"https:\/\/cadt81.fr\/index.php\/wp-json\/wp\/v2\/users\/1"}],"replies":[{"embeddable":true,"href":"https:\/\/cadt81.fr\/index.php\/wp-json\/wp\/v2\/comments?post=6479"}],"version-history":[{"count":8,"href":"https:\/\/cadt81.fr\/index.php\/wp-json\/wp\/v2\/pages\/6479\/revisions"}],"predecessor-version":[{"id":17419,"href":"https:\/\/cadt81.fr\/index.php\/wp-json\/wp\/v2\/pages\/6479\/revisions\/17419"}],"wp:attachment":[{"href":"https:\/\/cadt81.fr\/index.php\/wp-json\/wp\/v2\/media?parent=6479"}],"curies":[{"name":"wp","href":"https:\/\/api.w.org\/{rel}","templated":true}]}}